{"id":87,"date":"2014-04-08T22:36:07","date_gmt":"2014-04-08T20:36:07","guid":{"rendered":"http:\/\/andre-tolba.de\/wordpress\/?page_id=87"},"modified":"2023-04-12T13:13:22","modified_gmt":"2023-04-12T11:13:22","slug":"bio-adriano-batolba","status":"publish","type":"page","link":"https:\/\/andre-tolba.de\/?page_id=87","title":{"rendered":"Vita"},"content":{"rendered":"<p>1972: geboren in M\u00fclheim an der Ruhr, Deutschland.<\/p>\n<p>1985 &#8211; 1992: Erster Gitarrenunterricht u.a. bei Rick ABAO (USA).<\/p>\n<p>Erste Auftritte mit diversen Sch\u00fclerbands. Eigene Rockabilly Band CATLESS, Auftritte u.a. gemeinsam mit\u00a0BOPPIN&#8216; B..<\/p>\n<p>1993: Beginn des Studiums der Jazzgitarre an der Amsterdamer Kunsthochschule (u.a. gemeinsam mit Hanno Busch, Roger Cicero, Tom Gabel).<\/p>\n<p>1995 &#8211; 1997:\u00a0Mit dem eigenen Trio \u201eA MESS Of BLUES\u201c Supportact auf der \u201eBig Girl Blues Tour von JOANNA CONNOR (USA).\u00a0Gitarrist bei \u201eDer WOLF\u201c (Single \u201eGibt\u00b4s doch gar nicht\u201c #11 in D). Unz\u00e4hlige TV-Auftritte sowie Tourneen durch Deutschland, \u00d6sterreich und die Schweiz.<\/p>\n<p>1998:\u00a0Diplom an der Amsterdamer Kunsthochschule. Weitere Tourneen und TV Auftritte mit der WOLF. Gitarrist bei der Produktion des 2ten WOLF-Albums \u201eMusik aus einem Jahrzehnt\u201c (MERCURY).<\/p>\n<style type='text\/css'>\r\n\t            #gallery-87319.default-gallery {\r\n\t                margin: auto;\r\n\t                margin-bottom:1em;\r\n\t            }\r\n\t            #gallery-87319.default-gallery ul li {\r\n\t                float: left;\r\n\t                margin-top: 10px;\r\n\t                text-align: center;\r\n\t                width: 33%;           }\r\n\t            #gallery-87319.default-gallery img {\r\n\t                border: 2px solid #cfcfcf;\r\n\t            }\r\n\t            #gallery-87319.default-gallery .gallery-caption {\r\n\t                margin-left: 0;\r\n\t            }\r\n\t        <\/style>\r\n\t<!-- see gallery_shortcode() in wp-includes\/media.php -->\r\n\t<div id='gallery-87319' class='clearfix gallery default-gallery'><ul><li><a class=\"lightbox\" title=\"Rick Abao\" href=\"https:\/\/andre-tolba.de\/wp-content\/uploads\/2018\/12\/Rick_Abao.jpg\" rel=\"lightbox[gallery-87]\">\r\n<img src=\"https:\/\/andre-tolba.de\/wp-content\/uploads\/2018\/12\/Rick_Abao-150x150.jpg\" alt=\"Rick_Abao\"><\/a><\/li><li><a class=\"lightbox\" title=\"Sch\u00fcler-Band\" href=\"https:\/\/andre-tolba.de\/wp-content\/uploads\/2018\/12\/Erste_Band.jpg\" rel=\"lightbox[gallery-87]\">\r\n<img src=\"https:\/\/andre-tolba.de\/wp-content\/uploads\/2018\/12\/Erste_Band-150x150.jpg\" alt=\"Erste_Band\"><\/a><\/li><li><a class=\"lightbox\" title=\"Joanna Connor\" href=\"https:\/\/andre-tolba.de\/wp-content\/uploads\/2018\/12\/Joanna_Connor.jpg\" rel=\"lightbox[gallery-87]\">\r\n<img src=\"https:\/\/andre-tolba.de\/wp-content\/uploads\/2018\/12\/Joanna_Connor-150x150.jpg\" alt=\"Joanna_Connor\"><\/a><\/li><li><a class=\"lightbox\" title=\"Examen\" href=\"https:\/\/andre-tolba.de\/wp-content\/uploads\/2018\/12\/Examen.jpg\" rel=\"lightbox[gallery-87]\">\r\n<img src=\"https:\/\/andre-tolba.de\/wp-content\/uploads\/2018\/12\/Examen-150x150.jpg\" alt=\"Examen\"><\/a><\/li><\/ul><\/div>\n\n<p>1999: Gitarrist bei der WORKING BLUES BAND. Unz\u00e4hlige Clubgigs. TV Auftritte u.a mit Q-CONNECTION (Single \u201eJava \u2013 all da Ladies\u201c # 18 in D) und SHEMSI (Single \u201eSay You Will Be Mine\u201c UNIVERSAL)<\/p>\n<p>2000 &#8211; 2001: Beginn der Zusammenarbeit mit SASHA. USA Tourneen sowie TV \u2013 Auftritte \/ Tourneen in ganz Europa u.a Auftritt im Kreml in Moskau, Videodreh in Kiew.\u00a0TV Auftritte mit u.a. mit UWE\u00a0OCHSENKNECHT<\/p>\n<p>2002: Aufnahmen f\u00fcr die SASHA DVD \u201eLivebeats\u201c (WARNER). TV \u2013 Auftritte sowie Tourneen.<\/p>\n<style type='text\/css'>\r\n\t            #gallery-87195.default-gallery {\r\n\t                margin: auto;\r\n\t                margin-bottom:1em;\r\n\t            }\r\n\t            #gallery-87195.default-gallery ul li {\r\n\t                float: left;\r\n\t                margin-top: 10px;\r\n\t                text-align: center;\r\n\t                width: 33%;           }\r\n\t            #gallery-87195.default-gallery img {\r\n\t                border: 2px solid #cfcfcf;\r\n\t            }\r\n\t            #gallery-87195.default-gallery .gallery-caption {\r\n\t                margin-left: 0;\r\n\t            }\r\n\t        <\/style>\r\n\t<!-- see gallery_shortcode() in wp-includes\/media.php -->\r\n\t<div id='gallery-87195' class='clearfix gallery default-gallery'><ul><li><a class=\"lightbox\" title=\"Shemsi &#038; Adriano\" href=\"https:\/\/andre-tolba.de\/wp-content\/uploads\/2019\/01\/Shemsi_Adriano.jpg\" rel=\"lightbox[gallery-87]\">\r\n<img src=\"https:\/\/andre-tolba.de\/wp-content\/uploads\/2019\/01\/Shemsi_Adriano-150x150.jpg\" alt=\"Shemsi_Adriano\"><\/a><\/li><li><a class=\"lightbox\" title=\"Amerika Tournee\" href=\"https:\/\/andre-tolba.de\/wp-content\/uploads\/2019\/01\/Amerika_Tournee.jpg\" rel=\"lightbox[gallery-87]\">\r\n<img src=\"https:\/\/andre-tolba.de\/wp-content\/uploads\/2019\/01\/Amerika_Tournee-150x150.jpg\" alt=\"Amerika_Tournee\"><\/a><\/li><\/ul><\/div>\n\n<p><span style=\"line-height: 1.7;\">Produzent des Albums \u201eWhat\u00b4d He Say\u201c (SAMTRECORDS) der Working Blues Band. Gr\u00fcndung der Band \u201eDICK BRAVE &amp; the BACKBEATS\u201c sowie ein erster Auftritt in Dortmund.<br \/>\n<\/span><\/p>\n<p><strong>2003:<\/strong>\u00a0Mit der Band \u201eSCHLEICHER\u201c Gewinner des Deutschen Pop und Rockmusiker Preises, Tourneen und TV-Auftritte mit \u201eDICK BRAVE\u201c. Co-Produzent des Albums \u201eDick This\u201c (WARNER). Zusammenarbeit mit Pete SMITH (Produzent von STING; JOE COCKER; TINA TURNER etc.) 1 Woche Hausband bei Stefan RAABs TV-TOTAL, 1. WOKWELTMEISTER im 4er Wok. Goldene Schallplatte f\u00fcr\u00a0DICK THIS.<\/p>\n<p><span style=\"line-height: 1.7;\"><strong>2004:\u00a0<\/strong>DICK THIS\u00a0# 1 in D (Top Ten in \u00d6\/ CH). Gewinn des \u201eECHO \u2013 Award\u201c sowie \u201eVIVA \u2013 COMET\u201c.Doppelplatin f\u00fcr DICK THIS. Produzent der Live-DVD WE WANT DICK!\u00a0(WARNER). Auftritte in ganz Europa u.a bei Rock am Ring vor 75.000 Fans und in Luxemburg mit PINK.<\/span><\/p>\n<p><span style=\"line-height: 1.7;\">Beginn der Zusammenarbeit mit POMEZ diLORENZO als Produzenten-\/Songwriting-Team. Produzent des Albums BOP AROUND THE POP\u00a0von BOPPIN&#8216; B. (UNIVERSAL ; # 33 in D) <\/span><\/p>\n<style type='text\/css'>\r\n\t            #gallery-87414.default-gallery {\r\n\t                margin: auto;\r\n\t                margin-bottom:1em;\r\n\t            }\r\n\t            #gallery-87414.default-gallery ul li {\r\n\t                float: left;\r\n\t                margin-top: 10px;\r\n\t                text-align: center;\r\n\t                width: 33%;           }\r\n\t            #gallery-87414.default-gallery img {\r\n\t                border: 2px solid #cfcfcf;\r\n\t            }\r\n\t            #gallery-87414.default-gallery .gallery-caption {\r\n\t                margin-left: 0;\r\n\t            }\r\n\t        <\/style>\r\n\t<!-- see gallery_shortcode() in wp-includes\/media.php -->\r\n\t<div id='gallery-87414' class='clearfix gallery default-gallery'><ul><li><a class=\"lightbox\" title=\"Cover Working Blues Band\" href=\"https:\/\/andre-tolba.de\/wp-content\/uploads\/2019\/01\/Cover_WBB-WIS.jpg\" rel=\"lightbox[gallery-87]\">\r\n<img src=\"https:\/\/andre-tolba.de\/wp-content\/uploads\/2019\/01\/Cover_WBB-WIS-150x150.jpg\" alt=\"Cover_WBB-WIS\"><\/a><\/li><li><a class=\"lightbox\" title=\"Cover &#8222;Dick This&#8220;\" href=\"https:\/\/andre-tolba.de\/wp-content\/uploads\/2019\/01\/Cover_Dick_this.jpg\" rel=\"lightbox[gallery-87]\">\r\n<img src=\"https:\/\/andre-tolba.de\/wp-content\/uploads\/2019\/01\/Cover_Dick_this-150x150.jpg\" alt=\"Cover_Dick_this\"><\/a><\/li><li><a class=\"lightbox\" title=\"Echo\" href=\"https:\/\/andre-tolba.de\/wp-content\/uploads\/2019\/01\/Echo.jpg\" rel=\"lightbox[gallery-87]\">\r\n<img src=\"https:\/\/andre-tolba.de\/wp-content\/uploads\/2019\/01\/Echo-150x150.jpg\" alt=\"Echo\"><\/a><\/li><li><a class=\"lightbox\" title=\"Wok-WM-Sieger\" href=\"https:\/\/andre-tolba.de\/wp-content\/uploads\/2019\/01\/Wok-WM.jpg\" rel=\"lightbox[gallery-87]\">\r\n<img src=\"https:\/\/andre-tolba.de\/wp-content\/uploads\/2019\/01\/Wok-WM-150x150.jpg\" alt=\"Wok-WM\"><\/a><\/li><li><a class=\"lightbox\" title=\"Comet\" href=\"https:\/\/andre-tolba.de\/wp-content\/uploads\/2019\/01\/Comet.jpg\" rel=\"lightbox[gallery-87]\">\r\n<img src=\"https:\/\/andre-tolba.de\/wp-content\/uploads\/2019\/01\/Comet-150x150.jpg\" alt=\"Comet\"><\/a><\/li><li><a class=\"lightbox\" title=\"DVD-Cover &#8222;We want Dick&#8220;\" href=\"https:\/\/andre-tolba.de\/wp-content\/uploads\/2019\/01\/DVD-Comver_We-want-Dick-2004.jpg\" rel=\"lightbox[gallery-87]\">\r\n<img src=\"https:\/\/andre-tolba.de\/wp-content\/uploads\/2019\/01\/DVD-Comver_We-want-Dick-2004-150x150.jpg\" alt=\"DVD-Comver_We-want-Dick-2004\"><\/a><\/li><\/ul><\/div>\n\n<p><strong>2005:<\/strong> Tour mit Peter KRAUS in D\/\u00d6\/CH. Auftritt mit SASHA in Berlin beim LIVE 8 Festival. Gitarrist der 1LIVE HOUSEBAND; Performances u.a mit Ray Garvey (REAMON), Sandy (NO ANGELS), Henning Wehland (H-BLOCKX). Feature Guest bei diversen Bands u.a. TOBIAS KREMER BIG BAND, BOPPIN&#8216; B.<\/p>\n<p><strong>2006:<\/strong> Auftritt mit DICK BRAVE in Costa Rica auf der Hochzeit von PINK. Erneute Tour mit Peter KRAUS. Mitwirkung an Bonus Tracks f\u00fcr CD\u00a0\u201eI Love Rock\u00b4n\u00b4Roll\u00a0(UNIVERSAL) und auf\u00a0der Live DVD &#8222;Rock&#8217;n&#8217;Roll is back!&#8220;. Produktion eines TV \u2013 Titels f\u00fcr Peter KRAUS. Diverse TV- und Live-Shows.<\/p>\n<p><span style=\"line-height: 1.7;\">Gitarrist und Arrangeur in Finnland beim Rick ABAO Tribute-Album \u201eRiding the Sun\u201c (MOR-RECORDS).<\/span><\/p>\n<p><strong>2007:<\/strong>\u00a0Erneut Produzent bei BOPPIN&#8216; B. (Album ROCK`N\u00b4ROLL RADIO &#8211; Artist Station). Tourneen u.a. mit Peter KRAUS und WORKING BLUES BAND. Soul\/Gospel Produktion in der Schweiz mit GO SPIRITS.<\/p>\n<p><span style=\"line-height: 1.7;\"><strong>2008:<\/strong> 3. Tour mit Peter Kraus in D\/\u00d6\/CH.\u00a0<\/span>Produzent und KOMPONIST bei SINA (Singles HANGING ON A STRING und AND THE SUMMER \u2013 SOBEHO RECORDS). Bei der Single Umbrella der BASEBALLS (D Top 40) WARNER als Experte mit im Studio. Gitarrist am Schauspielhaus Bochum in\u00a0MARIGOLD von Burghart Klau\u00dfner.\u00a0Produzent der Working Blues Band EP &#8222;Harlem Nocturne&#8220;.<\/p>\n<style type='text\/css'>\r\n\t            #gallery-87871.default-gallery {\r\n\t                margin: auto;\r\n\t                margin-bottom:1em;\r\n\t            }\r\n\t            #gallery-87871.default-gallery ul li {\r\n\t                float: left;\r\n\t                margin-top: 10px;\r\n\t                text-align: center;\r\n\t                width: 33%;           }\r\n\t            #gallery-87871.default-gallery img {\r\n\t                border: 2px solid #cfcfcf;\r\n\t            }\r\n\t            #gallery-87871.default-gallery .gallery-caption {\r\n\t                margin-left: 0;\r\n\t            }\r\n\t        <\/style>\r\n\t<!-- see gallery_shortcode() in wp-includes\/media.php -->\r\n\t<div id='gallery-87871' class='clearfix gallery default-gallery'><ul><li><a class=\"lightbox\" title=\"Live8, 2005\" href=\"https:\/\/andre-tolba.de\/wp-content\/uploads\/2019\/01\/Live8-2005.jpg\" rel=\"lightbox[gallery-87]\">\r\n<img src=\"https:\/\/andre-tolba.de\/wp-content\/uploads\/2019\/01\/Live8-2005-150x150.jpg\" alt=\"Live8-2005\"><\/a><\/li><li><a class=\"lightbox\" title=\"Boppin B, Rock&#8217;n&#8217;Roll Radio\" href=\"https:\/\/andre-tolba.de\/wp-content\/uploads\/2019\/01\/Cover_BoppinB_RockRollRadio.jpg\" rel=\"lightbox[gallery-87]\">\r\n<img src=\"https:\/\/andre-tolba.de\/wp-content\/uploads\/2019\/01\/Cover_BoppinB_RockRollRadio-150x150.jpg\" alt=\"Cover_BoppinB_RockRollRadio\"><\/a><\/li><li><a class=\"lightbox\" title=\"Rick Abao, Riding the sun\" href=\"https:\/\/andre-tolba.de\/wp-content\/uploads\/2019\/01\/Cover_Rick_Abao_Riding_the_sun.jpg\" rel=\"lightbox[gallery-87]\">\r\n<img src=\"https:\/\/andre-tolba.de\/wp-content\/uploads\/2019\/01\/Cover_Rick_Abao_Riding_the_sun-150x150.jpg\" alt=\"Cover_Rick_Abao_Riding_the_sun\"><\/a><\/li><li><a class=\"lightbox\" title=\"Working Blues Band, Harlem Nocturne\" href=\"https:\/\/andre-tolba.de\/wp-content\/uploads\/2019\/01\/Cover_WBB_Harlem_Nocturne.jpg\" rel=\"lightbox[gallery-87]\">\r\n<img src=\"https:\/\/andre-tolba.de\/wp-content\/uploads\/2019\/01\/Cover_WBB_Harlem_Nocturne-150x150.jpg\" alt=\"Cover_WBB_Harlem_Nocturne\"><\/a><\/li><li><a class=\"lightbox\" title=\"Hochzeit Pink\" href=\"https:\/\/andre-tolba.de\/wp-content\/uploads\/2019\/01\/Hochzeit_Pink.jpg\" rel=\"lightbox[gallery-87]\">\r\n<img src=\"https:\/\/andre-tolba.de\/wp-content\/uploads\/2019\/01\/Hochzeit_Pink-150x150.jpg\" alt=\"Hochzeit_Pink\"><\/a><\/li><\/ul><\/div>\n\n<p><strong>2009:<\/strong> 2te Spielzeit von MARIGOLD am Schauspielhaus Bochum. Auftritte mit u.a. mit RON WILLIAMS, PEGGY SUGARHILL\u00a0und WORKING BLUES BAND. 4. Tournee mit PETER KRAUS und\u00a0der SWR Big Band durch D\/\u00d6\/CH mit der daraus resultierenden DVDs \u201eLive in Wien\u201c und &#8222;Nimm dir Zeit (Deluxe Edition)&#8220;. Gr\u00fcndung des ADRIANO BATOLBA ORCHESTRAs sowie erste Auftritte auf Festivals sowohl als auch in Clubs. Erste Studioaufnahmen des A.B.O.<\/p>\n<p><strong>2010:<\/strong> Gitarrist auf dem PEGGY SUGARHILL Album \u201eRockabilly Music is Bad Bad Bad\u201c (BEAR FAMILY). Produzent der FIREBIRDS. (Single-V\u00d6 2011: GUTEN TAG, ICH FIND DICH SCHEISSE, Album-V\u00d6 2012: ROCK \u201aN\u2019 ROLL BABY). Auftritt mit den IMPERIALS (Background Chor von Elvis Presley 1969\/70). Festivalauftritte mit dem ADRIANO BATOLBA ORCHESTRA (u.a. Maiwoche Osnabr\u00fcck, Hutball in Dresden). Auftritte des A.B.O. bei Atze Schr\u00f6der (ICH KANN 24 STUNDEN) sowie Center TV K\u00f6ln. Weitere Studioaufnahmen des A.B.O.<\/p>\n<p><strong>2011:<\/strong> Gitarrist bei der Er\u00f6ffnung des Eurovision Song Contest in D\u00fcsseldorf mit Vorjahressiegerin LENA, \u00a0STEFAN RAAB und den HEAVYTONES vor 120 Mio. Zuschauern in ganz Europa. Produzent sowie Komponist der ANDRU DONALDS Single Falling Down (SEVEN DAYS MUSIC). DICK BRAVE &amp; The BACKBEATS Reunion. Diverse Tourneen sowie Album Produktion ROCK&#8217;N&#8217;ROLL THERAPY\u00a0(SONY MUSIC # 7 D). Diverse Festival- sowie Clubauftritte mit u.a. PETER KRAUS und DICK BRAVE.\u00a0Erste deutschlandweite Clubtour des A.B.O im Herbst. Radiokonzert f\u00fcr den Saarl\u00e4ndischen Rundfunk.<\/p>\n<style type='text\/css'>\r\n\t            #gallery-87406.default-gallery {\r\n\t                margin: auto;\r\n\t                margin-bottom:1em;\r\n\t            }\r\n\t            #gallery-87406.default-gallery ul li {\r\n\t                float: left;\r\n\t                margin-top: 10px;\r\n\t                text-align: center;\r\n\t                width: 33%;           }\r\n\t            #gallery-87406.default-gallery img {\r\n\t                border: 2px solid #cfcfcf;\r\n\t            }\r\n\t            #gallery-87406.default-gallery .gallery-caption {\r\n\t                margin-left: 0;\r\n\t            }\r\n\t        <\/style>\r\n\t<!-- see gallery_shortcode() in wp-includes\/media.php -->\r\n\t<div id='gallery-87406' class='clearfix gallery default-gallery'><ul><li><a class=\"lightbox\" title=\"Firebirds, Rock&#8217;n&#8217;Roll Baby\" href=\"https:\/\/andre-tolba.de\/wp-content\/uploads\/2019\/01\/Cover_Firebirds_RocknRoll_Baby.jpg\" rel=\"lightbox[gallery-87]\">\r\n<img src=\"https:\/\/andre-tolba.de\/wp-content\/uploads\/2019\/01\/Cover_Firebirds_RocknRoll_Baby-150x150.jpg\" alt=\"Cover_Firebirds_RocknRoll_Baby\"><\/a><\/li><li><a class=\"lightbox\" title=\"Peggy Sugarhill, Rockalilly is bad bad bad\" href=\"https:\/\/andre-tolba.de\/wp-content\/uploads\/2019\/01\/Cover_Peggy-Sugarhill_Rockalilly_Music_is_bad_bad_bad.jpg\" rel=\"lightbox[gallery-87]\">\r\n<img src=\"https:\/\/andre-tolba.de\/wp-content\/uploads\/2019\/01\/Cover_Peggy-Sugarhill_Rockalilly_Music_is_bad_bad_bad-150x150.jpg\" alt=\"Cover_Peggy-Sugarhill_Rockalilly_Music_is_bad_bad_bad\"><\/a><\/li><li><a class=\"lightbox\" title=\"Peter Kraus, Nimm Dir Zeit\" href=\"https:\/\/andre-tolba.de\/wp-content\/uploads\/2019\/01\/DVD-Cover_Peter_Kraus_Nimm-dir-Zeit-2010.jpg\" rel=\"lightbox[gallery-87]\">\r\n<img src=\"https:\/\/andre-tolba.de\/wp-content\/uploads\/2019\/01\/DVD-Cover_Peter_Kraus_Nimm-dir-Zeit-2010-150x150.jpg\" alt=\"DVD-Cover_Peter_Kraus_Nimm-dir-Zeit-2010\"><\/a><\/li><li><a class=\"lightbox\" title=\"Dick Brave, Rock&#8217;n&#8217;Roll Therapy\" href=\"https:\/\/andre-tolba.de\/wp-content\/uploads\/2019\/01\/Cover_DB-RT.jpg\" rel=\"lightbox[gallery-87]\">\r\n<img src=\"https:\/\/andre-tolba.de\/wp-content\/uploads\/2019\/01\/Cover_DB-RT-150x150.jpg\" alt=\"Cover_DB-RT\"><\/a><\/li><li><a class=\"lightbox\" title=\"Screenshot K\u00f6lnische Rundschau online vom ESC\" href=\"https:\/\/andre-tolba.de\/wp-content\/uploads\/2019\/01\/ESC_screenshot_KR.jpg\" rel=\"lightbox[gallery-87]\">\r\n<img src=\"https:\/\/andre-tolba.de\/wp-content\/uploads\/2019\/01\/ESC_screenshot_KR-150x150.jpg\" alt=\"ESC_screenshot_KR\"><\/a><\/li><\/ul><\/div>\n\n<p>HESSENTAG 2012 (Co-Headliner mit LENNY KRAVITZ)<\/p>\n<p><strong>2012:<\/strong>\u00a0 Fortsetzung\u00a0der\u00a0Clubtour des A.B.O im Januar \/ Februar.\u00a0Tourneen mit PETER KRAUS und\u00a0DICK BRAVE im Fr\u00fchjahr und Sommer mit Auftritten in ganz Europa (u.a. gemeinsam mit LENNY KRAVITZ).\u00a0ECHO-Nominierung als beste Band mit DICK BRAVE &amp; THE BACKBEATS.\u00a0DVD-Ver\u00f6ffentlichung\u00a0DICK BRAVE &amp; THE BACKBEATS\u00a0&#8211; LIVE @ ROCKPALAST\u00a0(SONY). <em>&#8222;Ausverkaufte Tourneen, umjubelte Auftritte bei Rock am Ring und Rock im Park sowie bei vielen weiteren Europ\u00e4ischen Open Air Festivals best\u00e4tigten erneut eindrucksvoll, dass DICK BRAVE &amp; THE BACKBEATS eine der besten Live-Bands in Europa sind.&#8220;<\/em> (vox.de)<\/p>\n<p>Ver\u00f6ffentlichung\u00a0Live-EP LIVE &#8218;N&#8216; LOUD (FRANKY BOY \/ WOLVERINE RECORDS).\u00a0Tour zum\u00a0Albumrelease im Herbst (unter\u00a0anderem bei\u00a0den Leverkusener Jazztagen). \u00a0TV-Liveauftritte bei HARALD SCHMIDT (SKY) und TEDDY&#8217;S SHOW (ZDF NEO).\u00a0Erneutes\u00a0Radiokonzert f\u00fcr den Saarl\u00e4ndischen Rundfunk (Weihnachtsspecial SWING GL\u00d6CKCHEN SWING.)<\/p>\n<p><strong>2013:<\/strong> Goldene Schallplatte f\u00fcr ROCK&#8217;N&#8217;ROLL THERAPY. TV-Auftritt mit DICK BRAVE &amp; THE BACKBEATS in der NDR SESAMSTRASSE.<\/p>\n<p>GRETSCH featured Artist auf der Musik Messe Frankfurt mit dem ADRIANO BATOLBA TRIO.<\/p>\n<p>Release der 10&#8243; Vinyl von LIVE &#8218;N&#8216; LOUD des ADRIANO BaTOLBA ORCHESTRAs mit anschlie\u00dfender Festival Tour \u2013 u.A. Radiokonzert und Live-Videostream\u00a0im Rahmen der NDR 90,3 HAMBURG SOUNDS sowie erneuter Auftritt beim WND Jazz Festival in St. Wendel.<br \/>\n<strong>2014:<\/strong> Produzent des Debutalbums der SILVERETTES &#8211; THE REAL ROCK&#8217;N&#8217;ROLL CHICKS auf dem eigenen Label TOBAGO RECORDS. Videoproduktion mit dem A.B.O. zur Single RIGHT TIME FOR LOVE. Produktion der Studio-CD des A.B.O.. Erneut GRETSCH featured Artist auf der Musik Messe Frankfurt mit dem ADRIANO BATOLBA TRIO. Diverse Festivals mit dem A.B.O..<\/p>\n<style type='text\/css'>\r\n\t            #gallery-87236.default-gallery {\r\n\t                margin: auto;\r\n\t                margin-bottom:1em;\r\n\t            }\r\n\t            #gallery-87236.default-gallery ul li {\r\n\t                float: left;\r\n\t                margin-top: 10px;\r\n\t                text-align: center;\r\n\t                width: 33%;           }\r\n\t            #gallery-87236.default-gallery img {\r\n\t                border: 2px solid #cfcfcf;\r\n\t            }\r\n\t            #gallery-87236.default-gallery .gallery-caption {\r\n\t                margin-left: 0;\r\n\t            }\r\n\t        <\/style>\r\n\t<!-- see gallery_shortcode() in wp-includes\/media.php -->\r\n\t<div id='gallery-87236' class='clearfix gallery default-gallery'><ul><li><a class=\"lightbox\" title=\"Auftritt auf dem Hessentag\" href=\"https:\/\/andre-tolba.de\/wp-content\/uploads\/2019\/01\/Hessentag.jpg\" rel=\"lightbox[gallery-87]\">\r\n<img src=\"https:\/\/andre-tolba.de\/wp-content\/uploads\/2019\/01\/Hessentag-150x150.jpg\" alt=\"Hessentag\"><\/a><\/li><li><a class=\"lightbox\" title=\"Goldene Schallplatte f\u00fcr &#8222;Rock&#8217;n&#8217;Roll Therapy\" href=\"https:\/\/andre-tolba.de\/wp-content\/uploads\/2019\/01\/Goldene_Schallplatte_RnR-Therapy.jpg\" rel=\"lightbox[gallery-87]\">\r\n<img src=\"https:\/\/andre-tolba.de\/wp-content\/uploads\/2019\/01\/Goldene_Schallplatte_RnR-Therapy-150x150.jpg\" alt=\"Goldene_Schallplatte_R&#8217;n&#8217;R-Therapy\"><\/a><\/li><li><a class=\"lightbox\" title=\"Adriano und Harald Schmidt\" href=\"https:\/\/andre-tolba.de\/wp-content\/uploads\/2019\/01\/Harald_Schmidt.jpg\" rel=\"lightbox[gallery-87]\">\r\n<img src=\"https:\/\/andre-tolba.de\/wp-content\/uploads\/2019\/01\/Harald_Schmidt-150x150.jpg\" alt=\"Harald_Schmidt\"><\/a><\/li><li><a class=\"lightbox\" title=\"Adriano Batolba Orchestra, Live&#8217;n&#8217;Loud\" href=\"https:\/\/andre-tolba.de\/wp-content\/uploads\/2019\/01\/Cover_ABO_Live_and_Loud.jpg\" rel=\"lightbox[gallery-87]\">\r\n<img src=\"https:\/\/andre-tolba.de\/wp-content\/uploads\/2019\/01\/Cover_ABO_Live_and_Loud-150x150.jpg\" alt=\"Cover_ABO_Live_and_Loud\"><\/a><\/li><li><a class=\"lightbox\" title=\"Silverettes, Real Rock&#8217;n&#8217;Roll Chicks\" href=\"https:\/\/andre-tolba.de\/wp-content\/uploads\/2019\/01\/Cover_Silverettes_Real_RnR_Chicks.jpg\" rel=\"lightbox[gallery-87]\">\r\n<img src=\"https:\/\/andre-tolba.de\/wp-content\/uploads\/2019\/01\/Cover_Silverettes_Real_RnR_Chicks-150x150.jpg\" alt=\"D02 silverettes booklet\/cover_AW.indd\"><\/a><\/li><\/ul><\/div>\n\n<p><strong>2015:<\/strong> Fortsetzung der\u00a0Abschiedtournee mit Peter Kraus, Featured Guest auf der Live-CD zur Tour. Eutin Bluesfest und Herbst-Tour mit dem Adriano BaTolba Orchestra. Diverse Auftritte mit dem Adriano BaTolba Trio. Fortsetzung der Studioarbeit am Studioalbum des A.B.O.<\/p>\n<p><strong>2016:<\/strong> Ver\u00f6ffentlichung des ersten Studioalbums &#8222;13 Renegades&#8220; (TOBAGO RECORDS) mit G\u00e4sten Boppin&#8216; B, The Cascaro Bros. und The Silverettes. Diverse Promotion-Auftritte (u.a. ZDF Morgenmagazin), Einstieg auf Platz 5 der Amazon Rock&#8217;n&#8217;Roll Charts.\u00a0Abermals Tournee mit PETER KRAUS durch D\/AU\/CH. 1 w\u00f6chiger Gitarrenworkshop in der der Toscana\/ITALIEN. Mit der WORKING BLUES BAND und dem BATOLBA TRIO verschiedene Clubshows in ganz Deutschland (unter anderem Tollwood M\u00fcnchen \/ No1 Music Festival Hamburg \/ Zeche Zollverein Essen).<\/p>\n<p><strong>2017:<\/strong> Produktion des 2. SILVERETTES Albums \u201eTalk Dirty\u201c f\u00fcr TOBAGO RECORDS. Drei L\u00e4nder Tour durch D\/I\/AU zusammen mit Don Ross (CAN)\/Calum Graham(CAN) und Peter Kroll-Pl\u00f6ger. Abermals Gitarrenworkshop in ITALIEN. Auftritt mit dem ABO und feature Guest PETER KRAUS beim B\u00fcrgerfest in M\u00fclheim vor 6000 Fans. Feature Guest bei TOM GABEL. Sessiongitarrist beim PETER KRAUS Album \u201eSch\u00f6n war die Zeit\u201c in WIEN\/A. Gewinner des KREATIV KRAFTPREIS der Stadt M\u00dcLHEIM\/RUHR. BANDCOACH bei der MANUEL NEUER KIDS FOUNDATION. Auftritt beim Weihnachtssingen in der Arena des FC Schalke.<\/p>\n<p><strong>2018:<\/strong> Fr\u00fchjahrstournee mit PETER KRAUS. Duoauftritte mit PETER KRAUS in mehreren TV SHOWS (u.a. NDR Talkshow). EP Produktion f\u00fcr DR.KINGSIZE (V\u00d6 \u2013 Fr\u00fchjahr 2019). Erneut 1 w\u00f6chige Dozentent\u00e4tigkeit beim Gitarrenworkshop in der Toskana\/ITALIEN. Clubshows mit der WORKING BLUES BAND und dem ADRIANO BATOLBA TRIO. Produktion des ersten BATOLBA TRIO ALBUMS (RELEASE 2019)<\/p>\n<style type='text\/css'>\r\n\t            #gallery-87858.default-gallery {\r\n\t                margin: auto;\r\n\t                margin-bottom:1em;\r\n\t            }\r\n\t            #gallery-87858.default-gallery ul li {\r\n\t                float: left;\r\n\t                margin-top: 10px;\r\n\t                text-align: center;\r\n\t                width: 33%;           }\r\n\t            #gallery-87858.default-gallery img {\r\n\t                border: 2px solid #cfcfcf;\r\n\t            }\r\n\t            #gallery-87858.default-gallery .gallery-caption {\r\n\t                margin-left: 0;\r\n\t            }\r\n\t        <\/style>\r\n\t<!-- see gallery_shortcode() in wp-includes\/media.php -->\r\n\t<div id='gallery-87858' class='clearfix gallery default-gallery'><ul><li><a class=\"lightbox\" title=\"Mit Peter Kraus\" href=\"https:\/\/andre-tolba.de\/wp-content\/uploads\/2019\/01\/Adriano_und_Peter_Kraus.jpg\" rel=\"lightbox[gallery-87]\">\r\n<img src=\"https:\/\/andre-tolba.de\/wp-content\/uploads\/2019\/01\/Adriano_und_Peter_Kraus-150x150.jpg\" alt=\"Adriano_und_Peter_Kraus\"><\/a><\/li><li><a class=\"lightbox\" title=\"Adriano Batolba Orchestra, 13 Renegades\" href=\"https:\/\/andre-tolba.de\/wp-content\/uploads\/2019\/01\/Cover_13Renegades.jpg\" rel=\"lightbox[gallery-87]\">\r\n<img src=\"https:\/\/andre-tolba.de\/wp-content\/uploads\/2019\/01\/Cover_13Renegades-150x150.jpg\" alt=\"Cover_13Renegades\"><\/a><\/li><\/ul><\/div>\n\n","protected":false},"excerpt":{"rendered":"<p>1972: geboren in M\u00fclheim an der Ruhr, Deutschland. 1985 &#8211; 1992: Erster Gitarrenunterricht u.a. bei Rick ABAO (USA). Erste Auftritte mit diversen Sch\u00fclerbands. Eigene Rockabilly Band CATLESS, Auftritte u.a. gemeinsam mit\u00a0BOPPIN&#8216; B.. 1993: Beginn des Studiums der Jazzgitarre an der Amsterdamer Kunsthochschule (u.a. gemeinsam mit Hanno Busch, Roger Cicero, Tom<\/p>\n<p><a rel=\"bookmark\" class=\"more-link\" href=\"https:\/\/andre-tolba.de\/?page_id=87\">Read more &rarr;<\/a><\/p>\n","protected":false},"author":1,"featured_media":0,"parent":0,"menu_order":0,"comment_status":"open","ping_status":"open","template":"page-templates\/full-width.php","meta":[],"_links":{"self":[{"href":"https:\/\/andre-tolba.de\/index.php?rest_route=\/wp\/v2\/pages\/87"}],"collection":[{"href":"https:\/\/andre-tolba.de\/index.php?rest_route=\/wp\/v2\/pages"}],"about":[{"href":"https:\/\/andre-tolba.de\/index.php?rest_route=\/wp\/v2\/types\/page"}],"author":[{"embeddable":true,"href":"https:\/\/andre-tolba.de\/index.php?rest_route=\/wp\/v2\/users\/1"}],"replies":[{"embeddable":true,"href":"https:\/\/andre-tolba.de\/index.php?rest_route=%2Fwp%2Fv2%2Fcomments&post=87"}],"version-history":[{"count":196,"href":"https:\/\/andre-tolba.de\/index.php?rest_route=\/wp\/v2\/pages\/87\/revisions"}],"predecessor-version":[{"id":1669,"href":"https:\/\/andre-tolba.de\/index.php?rest_route=\/wp\/v2\/pages\/87\/revisions\/1669"}],"wp:attachment":[{"href":"https:\/\/andre-tolba.de\/index.php?rest_route=%2Fwp%2Fv2%2Fmedia&parent=87"}],"curies":[{"name":"wp","href":"https:\/\/api.w.org\/{rel}","templated":true}]}}