{"id":48,"date":"2014-03-16T13:21:45","date_gmt":"2014-03-16T11:21:45","guid":{"rendered":"http:\/\/andre-tolba.de\/wordpress\/?page_id=48"},"modified":"2023-04-12T13:17:43","modified_gmt":"2023-04-12T11:17:43","slug":"infos","status":"publish","type":"page","link":"https:\/\/andre-tolba.de\/?page_id=48","title":{"rendered":"Orchestra"},"content":{"rendered":"<p><iframe loading=\"lazy\" title=\"Adriano BaTolba Orchestra - Right Time For Love\" width=\"745\" height=\"419\" src=\"https:\/\/www.youtube.com\/embed\/oNAjUjS4AwU?feature=oembed\" frameborder=\"0\" allow=\"accelerometer; autoplay; clipboard-write; encrypted-media; gyroscope; picture-in-picture; web-share\" allowfullscreen><\/iframe><\/p>\n<p><img decoding=\"async\" loading=\"lazy\" class=\"aligncenter size-large wp-image-543\" src=\"http:\/\/andre-tolba.de\/wp-content\/uploads\/2014\/05\/IMG_0441-Kopie-1024x375.jpg\" alt=\"IMG_0441 Kopie\" width=\"745\" height=\"272\" srcset=\"https:\/\/andre-tolba.de\/wp-content\/uploads\/2014\/05\/IMG_0441-Kopie-1024x375.jpg 1024w, https:\/\/andre-tolba.de\/wp-content\/uploads\/2014\/05\/IMG_0441-Kopie-600x220.jpg 600w, https:\/\/andre-tolba.de\/wp-content\/uploads\/2014\/05\/IMG_0441-Kopie-300x109.jpg 300w, https:\/\/andre-tolba.de\/wp-content\/uploads\/2014\/05\/IMG_0441-Kopie-745x273.jpg 745w, https:\/\/andre-tolba.de\/wp-content\/uploads\/2014\/05\/IMG_0441-Kopie-800x293.jpg 800w, https:\/\/andre-tolba.de\/wp-content\/uploads\/2014\/05\/IMG_0441-Kopie-1200x439.jpg 1200w, https:\/\/andre-tolba.de\/wp-content\/uploads\/2014\/05\/IMG_0441-Kopie-410x150.jpg 410w, https:\/\/andre-tolba.de\/wp-content\/uploads\/2014\/05\/IMG_0441-Kopie-1920x703.jpg 1920w, https:\/\/andre-tolba.de\/wp-content\/uploads\/2014\/05\/IMG_0441-Kopie-400x146.jpg 400w\" sizes=\"(max-width: 745px) 100vw, 745px\" \/><\/p>\n<p><img decoding=\"async\" loading=\"lazy\" class=\"alignright wp-image-498\" src=\"http:\/\/andre-tolba.de\/wp-content\/uploads\/2014\/04\/20100321_010-300x225.jpg\" alt=\"20100321_010\" width=\"200\" height=\"150\" srcset=\"https:\/\/andre-tolba.de\/wp-content\/uploads\/2014\/04\/20100321_010-300x225.jpg 300w, https:\/\/andre-tolba.de\/wp-content\/uploads\/2014\/04\/20100321_010-600x451.jpg 600w, https:\/\/andre-tolba.de\/wp-content\/uploads\/2014\/04\/20100321_010-1024x769.jpg 1024w, https:\/\/andre-tolba.de\/wp-content\/uploads\/2014\/04\/20100321_010-494x372.jpg 494w, https:\/\/andre-tolba.de\/wp-content\/uploads\/2014\/04\/20100321_010-800x601.jpg 800w, https:\/\/andre-tolba.de\/wp-content\/uploads\/2014\/04\/20100321_010-1200x901.jpg 1200w, https:\/\/andre-tolba.de\/wp-content\/uploads\/2014\/04\/20100321_010-410x308.jpg 410w, https:\/\/andre-tolba.de\/wp-content\/uploads\/2014\/04\/20100321_010-1703x1280.jpg 1703w, https:\/\/andre-tolba.de\/wp-content\/uploads\/2014\/04\/20100321_010-400x300.jpg 400w\" sizes=\"(max-width: 200px) 100vw, 200px\" \/>3 Trompeten + 4 Saxophone + 3 Posaunen + Schlagzeug &amp; Bass\u00a0+ ein Mann und seine Gitarre\u00a0= das <strong>Adriano BaTolba Orchestra<\/strong><\/p>\n<p>Ein langgehegter Traum hat sich f\u00fcr Adriano BaTolba erf\u00fcllt: Bereits parallel zu Dick Brave And The Backbeats widmet er sich der Idee zu Deutschlands, wenn nicht gar Europas einziger Rockabilly Big Band. Das war f\u00fcr Adriano die &#8222;logische&#8220; Fusion der Einfl\u00fcsse aus seinem Jazzstudium, der\u00a0Affinit\u00e4t zu Big Band Jazz &amp;\u00a0Swing und seiner\u00a0&#8222;Jugendliebe&#8220; Rockabilly.<\/p>\n<p><img decoding=\"async\" loading=\"lazy\" class=\"alignleft wp-image-491\" src=\"http:\/\/andre-tolba.de\/wp-content\/uploads\/2014\/04\/DSC0055_filtered-300x199.jpg\" alt=\"_DSC0055_filtered\" width=\"200\" height=\"133\" srcset=\"https:\/\/andre-tolba.de\/wp-content\/uploads\/2014\/04\/DSC0055_filtered-300x199.jpg 300w, https:\/\/andre-tolba.de\/wp-content\/uploads\/2014\/04\/DSC0055_filtered-600x399.jpg 600w, https:\/\/andre-tolba.de\/wp-content\/uploads\/2014\/04\/DSC0055_filtered-1024x680.jpg 1024w, https:\/\/andre-tolba.de\/wp-content\/uploads\/2014\/04\/DSC0055_filtered-560x372.jpg 560w, https:\/\/andre-tolba.de\/wp-content\/uploads\/2014\/04\/DSC0055_filtered-800x531.jpg 800w, https:\/\/andre-tolba.de\/wp-content\/uploads\/2014\/04\/DSC0055_filtered-1200x797.jpg 1200w, https:\/\/andre-tolba.de\/wp-content\/uploads\/2014\/04\/DSC0055_filtered-410x272.jpg 410w, https:\/\/andre-tolba.de\/wp-content\/uploads\/2014\/04\/DSC0055_filtered-1920x1275.jpg 1920w, https:\/\/andre-tolba.de\/wp-content\/uploads\/2014\/04\/DSC0055_filtered-400x265.jpg 400w\" sizes=\"(max-width: 200px) 100vw, 200px\" \/>Durch seine T\u00e4tigkeit als Produzent und B\u00fchnenk\u00fcnstler hat BaTolba schon Seite an Seite mit nahezu jeder versierten Bl\u00e4sersektionen des Landes gearbeitet. Nur wenige Anrufe sind n\u00f6tig, um Top-Musiker f\u00fcr das Projekt zu begeistern (die u.a. bereits\u00a0mit K\u00fcnstlern wie G\u00f6tz Alsmann, Anastacia, Shirley Bassey, Fritz Brause, Michael Bubl\u00e9, Joe Cocker, Falco, David Garrett, Maxx Herre, Xavier Naidoo,\u00a0Stefan Raab,\u00a0Lionel Richie, Seal, Helge Schneider und\u00a0Dionne Warwick\u00a0zusammengearbeitet haben).<img decoding=\"async\" loading=\"lazy\" class=\"alignright wp-image-493\" src=\"http:\/\/andre-tolba.de\/wp-content\/uploads\/2014\/04\/155929_388343901245580_112587849_n-291x300.jpg\" alt=\"155929_388343901245580_112587849_n\" width=\"200\" height=\"206\" srcset=\"https:\/\/andre-tolba.de\/wp-content\/uploads\/2014\/04\/155929_388343901245580_112587849_n-291x300.jpg 291w, https:\/\/andre-tolba.de\/wp-content\/uploads\/2014\/04\/155929_388343901245580_112587849_n-600x618.jpg 600w, https:\/\/andre-tolba.de\/wp-content\/uploads\/2014\/04\/155929_388343901245580_112587849_n-361x372.jpg 361w, https:\/\/andre-tolba.de\/wp-content\/uploads\/2014\/04\/155929_388343901245580_112587849_n-800x823.jpg 800w, https:\/\/andre-tolba.de\/wp-content\/uploads\/2014\/04\/155929_388343901245580_112587849_n-410x422.jpg 410w, https:\/\/andre-tolba.de\/wp-content\/uploads\/2014\/04\/155929_388343901245580_112587849_n.jpg 910w\" sizes=\"(max-width: 200px) 100vw, 200px\" \/><\/p>\n<p>Eine so anspruchsvolle Idee braucht Ihre Zeit und so dauerte es noch bis zum Dezember 2009, bis\u00a0es dann endlich so weit war und das A.B.O. erstmals auf der B\u00fchne stand &#8211; die Geburtsstunde des \u201eAdriano BaTolba Orchestra\u201c.<\/p>\n<p><img decoding=\"async\" loading=\"lazy\" class=\"alignleft wp-image-496\" src=\"http:\/\/andre-tolba.de\/wp-content\/uploads\/2014\/04\/602021_512381325508503_570856889_n-200x300.jpg\" alt=\"602021_512381325508503_570856889_n\" width=\"150\" height=\"225\" srcset=\"https:\/\/andre-tolba.de\/wp-content\/uploads\/2014\/04\/602021_512381325508503_570856889_n-200x300.jpg 200w, https:\/\/andre-tolba.de\/wp-content\/uploads\/2014\/04\/602021_512381325508503_570856889_n-600x899.jpg 600w, https:\/\/andre-tolba.de\/wp-content\/uploads\/2014\/04\/602021_512381325508503_570856889_n-248x372.jpg 248w, https:\/\/andre-tolba.de\/wp-content\/uploads\/2014\/04\/602021_512381325508503_570856889_n-410x614.jpg 410w, https:\/\/andre-tolba.de\/wp-content\/uploads\/2014\/04\/602021_512381325508503_570856889_n.jpg 641w\" sizes=\"(max-width: 150px) 100vw, 150px\" \/>Neben Klassikern und Standards im Rockabilly-Format liefern schon die ersten Aufnahmesession auch selbstkomponierte Songs, die den bekannten Evergreens in punkto Qualit\u00e4t in nichts nachstehen. Hier steht garantiert kein Fu\u00df still!\u00a0Nahtlos gelingt die \u00dcberblendung von Rockabilly, Jazz, Swing und Jive in famosen Arrangements. Late-Night Legende Harald Schmidt und Top-Comedian Atze Schr\u00f6der lassen es sich nicht nehmen, das \u201eAdriano BaTolba Orchestra\u201c in ihre Shows\u00a0als G\u00e4ste einzuladen.<\/p>\n<p>Auf der ersten Deutschland-Tournee 2011\/2012 und dann folgenden\u00a0weiteren TV- und Radio-Auftritten, unz\u00e4hligen Konzerten und diversen Festivals (u.a. Leverkusener Jazztage, Eutin Bluesfest und NDR 90,3 Hamburg Sounds) sorgt das Orchestra seit dem beim Publikum f\u00fcr enthusiastische Euphorie. 2015 wurden dann die Aufnahmen zur Studio-CD &#8222;13 Renegades&#8220; abgeschlossen, die im Fr\u00fchjahr 2016 auf TOBAGO-Records erscheinen ist. Eine 13-k\u00f6pfige, mit Turboenergie geladene Rockabilly Big Band, die Tanzfl\u00e4chen zum Gl\u00fchen bringt und schlicht f\u00fcr gute Laune sorgt. [\/wolf_tab][wolf_tab title=&#8220;English&#8220;]<\/p>\n<p><img decoding=\"async\" loading=\"lazy\" class=\"aligncenter wp-image-499 size-full\" src=\"http:\/\/andre-tolba.de\/wp-content\/uploads\/2014\/04\/20120105_215651-e1400525780790.jpg\" alt=\"\" width=\"708\" height=\"293\" srcset=\"https:\/\/andre-tolba.de\/wp-content\/uploads\/2014\/04\/20120105_215651-e1400525780790.jpg 708w, https:\/\/andre-tolba.de\/wp-content\/uploads\/2014\/04\/20120105_215651-e1400525780790-600x248.jpg 600w, https:\/\/andre-tolba.de\/wp-content\/uploads\/2014\/04\/20120105_215651-e1400525780790-300x124.jpg 300w, https:\/\/andre-tolba.de\/wp-content\/uploads\/2014\/04\/20120105_215651-e1400525780790-410x169.jpg 410w, https:\/\/andre-tolba.de\/wp-content\/uploads\/2014\/04\/20120105_215651-e1400525780790-400x165.jpg 400w\" sizes=\"(max-width: 708px) 100vw, 708px\" \/>3 Trumpets + 4 Saxophones + 3 Trombones + Drums &amp; Bass + a man and his guitar = the <strong>Adriano BaTolba Orchestra<\/strong><\/p>\n<p><img decoding=\"async\" loading=\"lazy\" class=\"alignleft wp-image-492\" src=\"http:\/\/andre-tolba.de\/wp-content\/uploads\/2014\/04\/63695_512381332175169_542302515_n-e1399235075809-300x182.jpg\" alt=\"63695_512381332175169_542302515_n\" width=\"250\" height=\"152\" srcset=\"https:\/\/andre-tolba.de\/wp-content\/uploads\/2014\/04\/63695_512381332175169_542302515_n-e1399235075809-300x182.jpg 300w, https:\/\/andre-tolba.de\/wp-content\/uploads\/2014\/04\/63695_512381332175169_542302515_n-e1399235075809-600x364.jpg 600w, https:\/\/andre-tolba.de\/wp-content\/uploads\/2014\/04\/63695_512381332175169_542302515_n-e1399235075809-612x372.jpg 612w, https:\/\/andre-tolba.de\/wp-content\/uploads\/2014\/04\/63695_512381332175169_542302515_n-e1399235075809-800x485.jpg 800w, https:\/\/andre-tolba.de\/wp-content\/uploads\/2014\/04\/63695_512381332175169_542302515_n-e1399235075809-410x249.jpg 410w, https:\/\/andre-tolba.de\/wp-content\/uploads\/2014\/04\/63695_512381332175169_542302515_n-e1399235075809-400x242.jpg 400w, https:\/\/andre-tolba.de\/wp-content\/uploads\/2014\/04\/63695_512381332175169_542302515_n-e1399235075809.jpg 912w\" sizes=\"(max-width: 250px) 100vw, 250px\" \/>A lifelong dream has come true for Adriano BaTolba. While working with Dick Brave &amp; the Backbeats he was already nurturing the idea of Germany&#8217;s only, if not Europe&#8217;s only Rockabilly big band. For Adriano this seemed like the perfect way to marry his background in Jazz with his passion for Rockabilly.<\/p>\n<p><img decoding=\"async\" loading=\"lazy\" class=\"alignright wp-image-497\" src=\"http:\/\/andre-tolba.de\/wp-content\/uploads\/2014\/04\/999183_514243138655655_347472509_n-217x300.jpg\" alt=\"999183_514243138655655_347472509_n\" width=\"200\" height=\"276\" srcset=\"https:\/\/andre-tolba.de\/wp-content\/uploads\/2014\/04\/999183_514243138655655_347472509_n-217x300.jpg 217w, https:\/\/andre-tolba.de\/wp-content\/uploads\/2014\/04\/999183_514243138655655_347472509_n-269x372.jpg 269w, https:\/\/andre-tolba.de\/wp-content\/uploads\/2014\/04\/999183_514243138655655_347472509_n-410x566.jpg 410w, https:\/\/andre-tolba.de\/wp-content\/uploads\/2014\/04\/999183_514243138655655_347472509_n.jpg 464w\" sizes=\"(max-width: 200px) 100vw, 200px\" \/>Through his vast experience as a producer and performer BaTolba had become acquainted with just about every brass section of note in Germany and all it took was a few phone calls to get the top cats in the game to jump on board. (Some of these guys had already worked with the likes of \u00a0Anastacia, Shirley Bassey, Michael Buble, Joe Cocker, Falco, David Garrett, Lionel Richie, Seal and Dionne Warwick).<\/p>\n<p>A project of this scope however, took some time to gel and the music world had to wait until December 2009 for the &#8222;ABO&#8220; to tread the boards together for the first time, and so was born the &#8218;Adriano BaTolba Orchestra&#8216;!<\/p>\n<p><img decoding=\"async\" loading=\"lazy\" class=\"alignleft wp-image-503\" src=\"http:\/\/andre-tolba.de\/wp-content\/uploads\/2014\/04\/DSC00972-982x1024.jpg\" alt=\"SONY DSC\" width=\"200\" height=\"208\" srcset=\"https:\/\/andre-tolba.de\/wp-content\/uploads\/2014\/04\/DSC00972-982x1024.jpg 982w, https:\/\/andre-tolba.de\/wp-content\/uploads\/2014\/04\/DSC00972-600x625.jpg 600w, https:\/\/andre-tolba.de\/wp-content\/uploads\/2014\/04\/DSC00972-287x300.jpg 287w, https:\/\/andre-tolba.de\/wp-content\/uploads\/2014\/04\/DSC00972-357x372.jpg 357w, https:\/\/andre-tolba.de\/wp-content\/uploads\/2014\/04\/DSC00972-800x833.jpg 800w, https:\/\/andre-tolba.de\/wp-content\/uploads\/2014\/04\/DSC00972-959x1000.jpg 959w, https:\/\/andre-tolba.de\/wp-content\/uploads\/2014\/04\/DSC00972-410x427.jpg 410w, https:\/\/andre-tolba.de\/wp-content\/uploads\/2014\/04\/DSC00972-1228x1280.jpg 1228w\" sizes=\"(max-width: 200px) 100vw, 200px\" \/>Right from the outset this band wanted to stand out from the crowd. They didn&#8217;t want to rest on their laurels and just churn out classics &amp; standards so the first recording sessions featured some kickin&#8216; originals to rival the evergreen favourites. The band succeeded in seamlessly fusing the styles of Rockabilly, Jazz, Swing and Jive with arrangements so sassy, every cat in the house would be swinging in no time! They also managed to poach numbers from unexpected musical genres like Rock, Pop and Country and give &#8218;em an &#8222;ABO&#8220; makeover.<\/p>\n<p><img decoding=\"async\" loading=\"lazy\" class=\"alignright size-medium wp-image-578\" src=\"http:\/\/andre-tolba.de\/wp-content\/uploads\/2014\/04\/DR83395-200x300.jpg\" alt=\"_DR83395\" width=\"200\" height=\"300\" srcset=\"https:\/\/andre-tolba.de\/wp-content\/uploads\/2014\/04\/DR83395-200x300.jpg 200w, https:\/\/andre-tolba.de\/wp-content\/uploads\/2014\/04\/DR83395-600x899.jpg 600w, https:\/\/andre-tolba.de\/wp-content\/uploads\/2014\/04\/DR83395-683x1024.jpg 683w, https:\/\/andre-tolba.de\/wp-content\/uploads\/2014\/04\/DR83395-248x372.jpg 248w, https:\/\/andre-tolba.de\/wp-content\/uploads\/2014\/04\/DR83395-667x1000.jpg 667w, https:\/\/andre-tolba.de\/wp-content\/uploads\/2014\/04\/DR83395-410x614.jpg 410w, https:\/\/andre-tolba.de\/wp-content\/uploads\/2014\/04\/DR83395.jpg 854w\" sizes=\"(max-width: 200px) 100vw, 200px\" \/>As soon as the word got out the ABO were hot property and 2011-2012 turned into a non-stop Rockabilly roller coaster for the band. Late Night German TV Legend, Harald Schmidt and top comic Atze Schr\u00f6der both invited the Adriano BaTolba Orchestra to guest on their shows. In the wake of this followed a tour through Germany, many more radio and TV appearances and ultimately leading to high profile festival spots including Leverkusen Jazztage, Eutin Bluesfest and NDR 90,3 Hamburg Sounds. The band elicited a euphoric response wherever they roamed and continue to do so today! In 2015 the A.B.O. finished recordings for its first (studio) CD &#8222;13 Renegades&#8220;, released in Spring 2016 on TOBAGO Records.<\/p>\n<p>The Adriano BaTolba Orchestra is a 13 piece high octane fuelled, Rockabilly Cadillac that&#8217;s tuned and ready to burn up the dance floor and get every head in the house hoppin&#8216;!<\/p>\n<p><img decoding=\"async\" loading=\"lazy\" class=\"aligncenter wp-image-505\" src=\"http:\/\/andre-tolba.de\/wp-content\/uploads\/2014\/04\/DSCN1036_filtered-1024x363.jpg\" alt=\"DSCN1036_filtered\" width=\"652\" height=\"231\" srcset=\"https:\/\/andre-tolba.de\/wp-content\/uploads\/2014\/04\/DSCN1036_filtered-1024x363.jpg 1024w, https:\/\/andre-tolba.de\/wp-content\/uploads\/2014\/04\/DSCN1036_filtered-600x213.jpg 600w, https:\/\/andre-tolba.de\/wp-content\/uploads\/2014\/04\/DSCN1036_filtered-300x106.jpg 300w, https:\/\/andre-tolba.de\/wp-content\/uploads\/2014\/04\/DSCN1036_filtered-745x264.jpg 745w, https:\/\/andre-tolba.de\/wp-content\/uploads\/2014\/04\/DSCN1036_filtered-800x283.jpg 800w, https:\/\/andre-tolba.de\/wp-content\/uploads\/2014\/04\/DSCN1036_filtered-1200x425.jpg 1200w, https:\/\/andre-tolba.de\/wp-content\/uploads\/2014\/04\/DSCN1036_filtered-410x145.jpg 410w, https:\/\/andre-tolba.de\/wp-content\/uploads\/2014\/04\/DSCN1036_filtered-1920x681.jpg 1920w, https:\/\/andre-tolba.de\/wp-content\/uploads\/2014\/04\/DSCN1036_filtered-400x141.jpg 400w\" sizes=\"(max-width: 652px) 100vw, 652px\" \/><\/p>\n","protected":false},"excerpt":{"rendered":"<p>3 Trompeten + 4 Saxophone + 3 Posaunen + Schlagzeug &amp; Bass\u00a0+ ein Mann und seine Gitarre\u00a0= das Adriano BaTolba Orchestra Ein langgehegter Traum hat sich f\u00fcr Adriano BaTolba erf\u00fcllt: Bereits parallel zu Dick Brave And The Backbeats widmet er sich der Idee zu Deutschlands, wenn nicht gar Europas einziger<\/p>\n<p><a rel=\"bookmark\" class=\"more-link\" href=\"https:\/\/andre-tolba.de\/?page_id=48\">Read more &rarr;<\/a><\/p>\n","protected":false},"author":2,"featured_media":0,"parent":0,"menu_order":0,"comment_status":"open","ping_status":"open","template":"page-templates\/full-width.php","meta":[],"_links":{"self":[{"href":"https:\/\/andre-tolba.de\/index.php?rest_route=\/wp\/v2\/pages\/48"}],"collection":[{"href":"https:\/\/andre-tolba.de\/index.php?rest_route=\/wp\/v2\/pages"}],"about":[{"href":"https:\/\/andre-tolba.de\/index.php?rest_route=\/wp\/v2\/types\/page"}],"author":[{"embeddable":true,"href":"https:\/\/andre-tolba.de\/index.php?rest_route=\/wp\/v2\/users\/2"}],"replies":[{"embeddable":true,"href":"https:\/\/andre-tolba.de\/index.php?rest_route=%2Fwp%2Fv2%2Fcomments&post=48"}],"version-history":[{"count":54,"href":"https:\/\/andre-tolba.de\/index.php?rest_route=\/wp\/v2\/pages\/48\/revisions"}],"predecessor-version":[{"id":1671,"href":"https:\/\/andre-tolba.de\/index.php?rest_route=\/wp\/v2\/pages\/48\/revisions\/1671"}],"wp:attachment":[{"href":"https:\/\/andre-tolba.de\/index.php?rest_route=%2Fwp%2Fv2%2Fmedia&parent=48"}],"curies":[{"name":"wp","href":"https:\/\/api.w.org\/{rel}","templated":true}]}}