{"id":1129,"date":"2018-05-05T22:56:48","date_gmt":"2018-05-05T20:56:48","guid":{"rendered":"http:\/\/andre-tolba.de\/?page_id=1129"},"modified":"2023-04-12T13:22:22","modified_gmt":"2023-04-12T11:22:22","slug":"producer","status":"publish","type":"page","link":"https:\/\/andre-tolba.de\/?page_id=1129","title":{"rendered":"Producer"},"content":{"rendered":"<p>Nachdem Andr\u00e9 bei der ersten Eigenver\u00f6ffentlichung (Working Blues Band) den Hut f\u00fcr die Produktion aufhatte, war es nur logisch, dass er auch bei Dick Brave and the Backbeats&nbsp;\u201eDick This\u201c mit Regie f\u00fchrte. Das Ergebnis war Platz 1 in den Charts und Doppel-Platin. Das war erst der Anfang, es folgten Produktionen f\u00fcr <a href=\"https:\/\/www.boppinb.de\/\" target=\"_blank\" rel=\"noopener\">Boppin\u2019 B.<\/a>, <a href=\"http:\/\/www.peterkraus.de\/\" target=\"_blank\" rel=\"noopener\">Peter Kraus<\/a>, <a href=\"https:\/\/www.thebaseballs.com\/\" target=\"_blank\" rel=\"noopener\">The Baseballs<\/a>, <a href=\"https:\/\/www.trentonandfreeradical.com\/\" target=\"_blank\" rel=\"noopener\">Trenton and free Radical<\/a>, Sina, <a href=\"https:\/\/www.dr-kingsize.com\/\" target=\"_blank\" rel=\"noopener\">Dr. Kingsize<\/a>, Go Spirits, <a href=\"https:\/\/www.facebook.com\/Peggyandthetigerettes\/\" target=\"_blank\" rel=\"noopener\">Peggy Sugarhill<\/a>, <a href=\"http:\/\/www.the-firebirds.de\/\" target=\"_blank\" rel=\"noopener\">The Firebirds<\/a>, <a href=\"https:\/\/www.rockemarieche.de\/\" target=\"_blank\" rel=\"noopener\">Rockemarieche<\/a>, <a href=\"https:\/\/de-de.facebook.com\/andrudonalds\/\" target=\"_blank\" rel=\"noopener\">Andru Donalds<\/a>, etc\u2026<\/p>\n<p>Auf dem eigenen Label <a href=\"http:\/\/tobago-music.com\/\" target=\"_blank\" rel=\"noopener\">ToBaGo Records<\/a> werden hochkar\u00e4tige Acts wie die <a href=\"https:\/\/www.thesilverettes.de\/\" target=\"_blank\" rel=\"noopener\">Silverettes<\/a> (The Real RnR Chicks 2014 \/ Talk Dirty 2017) oder <a href=\"https:\/\/de-de.facebook.com\/klangpoet\/\" target=\"_blank\" rel=\"noopener\">Klangpoet<\/a> (2015) sowie das BaTolba Orchestra (2016) und auch das BaTolba Trio (2019) ver\u00f6ffentlicht.<span class=\"Apple-converted-space\">&nbsp;<\/span><\/p>\n<h2 style=\"text-align: center;\">WORKSHOPS<\/h2>\n<p>In verschiedenen Workshops wird die Erfahrung aus 25 Jahren Tourleben und Studio sowie 15 Jahren als Dozent am Koorenhuis in Den Haag weitergegeben. Sei es an Anf\u00e4nger, die einen Einstieg in das Genre Rockabilly \/ RnR suchen oder an Fortgeschrittene, die mehr \u00fcber Hybrid Picking, verschiedene Voicings oder generell stilistisch etwas genauer hinschauen m\u00f6chten. So hat Andr\u00e9 Workshops in verschiedenen Locations gegeben: Ob in Amsterdam an der <a href=\"https:\/\/www.ahk.nl\/\" target=\"_blank\" rel=\"noopener\">Hochschule<\/a>, in Italien beim einw\u00f6chigen <a href=\"https:\/\/www.med-music-school.com\/\" target=\"_blank\" rel=\"noopener\">Summercamp<\/a> oder in verschiedenen St\u00e4dten in Kulturzentren oder Musikschulen\u2026 Oberstes Gebot ist immer, die Spieler dort abzuholen, wo sie gerade stehen\u2026<\/p>\n","protected":false},"excerpt":{"rendered":"<p>Nachdem Andr\u00e9 bei der ersten Eigenver\u00f6ffentlichung (Working Blues Band) den Hut f\u00fcr die Produktion aufhatte, war es nur logisch, dass er auch bei Dick Brave and the Backbeats&nbsp;\u201eDick This\u201c mit Regie f\u00fchrte. Das Ergebnis war Platz 1 in den Charts und Doppel-Platin. Das war erst der Anfang, es folgten Produktionen<\/p>\n<p><a rel=\"bookmark\" class=\"more-link\" href=\"https:\/\/andre-tolba.de\/?page_id=1129\">Read more &rarr;<\/a><\/p>\n","protected":false},"author":1,"featured_media":0,"parent":0,"menu_order":0,"comment_status":"closed","ping_status":"closed","template":"page-templates\/full-width.php","meta":[],"_links":{"self":[{"href":"https:\/\/andre-tolba.de\/index.php?rest_route=\/wp\/v2\/pages\/1129"}],"collection":[{"href":"https:\/\/andre-tolba.de\/index.php?rest_route=\/wp\/v2\/pages"}],"about":[{"href":"https:\/\/andre-tolba.de\/index.php?rest_route=\/wp\/v2\/types\/page"}],"author":[{"embeddable":true,"href":"https:\/\/andre-tolba.de\/index.php?rest_route=\/wp\/v2\/users\/1"}],"replies":[{"embeddable":true,"href":"https:\/\/andre-tolba.de\/index.php?rest_route=%2Fwp%2Fv2%2Fcomments&post=1129"}],"version-history":[{"count":9,"href":"https:\/\/andre-tolba.de\/index.php?rest_route=\/wp\/v2\/pages\/1129\/revisions"}],"predecessor-version":[{"id":1675,"href":"https:\/\/andre-tolba.de\/index.php?rest_route=\/wp\/v2\/pages\/1129\/revisions\/1675"}],"wp:attachment":[{"href":"https:\/\/andre-tolba.de\/index.php?rest_route=%2Fwp%2Fv2%2Fmedia&parent=1129"}],"curies":[{"name":"wp","href":"https:\/\/api.w.org\/{rel}","templated":true}]}}