{"id":1114,"date":"2018-03-14T14:26:28","date_gmt":"2018-03-14T12:26:28","guid":{"rendered":"http:\/\/andre-tolba.de\/?page_id=1114"},"modified":"2023-04-12T13:23:44","modified_gmt":"2023-04-12T11:23:44","slug":"gear","status":"publish","type":"page","link":"https:\/\/andre-tolba.de\/?page_id=1114","title":{"rendered":"Gear"},"content":{"rendered":"<p>Meine Hauptgitarre ist eine orange 1958\/1959er Gretsch 6120, die ich 1989 in London gekauft habe \u2013 das ist meine Wegbegleiterin seit dieser Zeit. Dazu sind dann noch ein paar andere 6120 gekommen und eine White Falcon. Im Studio spiele ich haupts\u00e4chlich die alte, dann eine gr\u00fcne 6120, die ein bisschen moderner und bissiger klingt und eine 66er Telecaster \u00fcber einen alten Fender-Bandmaster-Amp. Auf Tour benutze ich oft einen Custom-Shop-Vibrolux-Combo, den ich aber auch schon seit Mitte der 90erJahre habe. Wenn ich Sachen habe, die f\u00fcr mich funktionieren, bin ich gar nicht so, dass ich dann noch das oder das ausprobieren muss.<\/p>\n<p>Im Studio ist das Setup die alte Gretsch in ein Roland-Tape-Echo in den Amp und den ordentlich aufkacheln. Live ist das nicht so praktikabel den Amp auf 9 zu stellen, da schalte ich dann oft noch einen Fulltone-Fulldrive-Verzerrer dazwischen. Als Backup nutze ich oft die Boss-Simulation des Echos, das RE-20. Im Grunde kommt viel auch aus den Fingern, selbst wenn ich das Setup von Hendrix oder Scotty Moore h\u00e4tte, w\u00fcrde ich nicht so klingen.<\/p>\n<style type='text\/css'>\r\n\t            #gallery-11145.default-gallery {\r\n\t                margin: auto;\r\n\t                margin-bottom:1em;\r\n\t            }\r\n\t            #gallery-11145.default-gallery ul li {\r\n\t                float: left;\r\n\t                margin-top: 10px;\r\n\t                text-align: center;\r\n\t                width: 33%;           }\r\n\t            #gallery-11145.default-gallery img {\r\n\t                border: 2px solid #cfcfcf;\r\n\t            }\r\n\t            #gallery-11145.default-gallery .gallery-caption {\r\n\t                margin-left: 0;\r\n\t            }\r\n\t        <\/style>\r\n\t<!-- see gallery_shortcode() in wp-includes\/media.php -->\r\n\t<div id='gallery-11145' class='clearfix gallery default-gallery'><ul><li><a class=\"lightbox\" title=\"Gretsch 6120, Baujahr 1958\" href=\"https:\/\/andre-tolba.de\/wp-content\/uploads\/2018\/12\/Gretsch_6120_Bj1958-1.jpg\" rel=\"lightbox[gallery-1114]\">\r\n<img src=\"https:\/\/andre-tolba.de\/wp-content\/uploads\/2018\/12\/Gretsch_6120_Bj1958-1-150x150.jpg\" alt=\"Gretsch_6120_Bj1958\"><\/a><\/li><li><a class=\"lightbox\" title=\"Gretsch 6120 Chet Atkins\" href=\"https:\/\/andre-tolba.de\/wp-content\/uploads\/2018\/12\/Gretsch_6120_Chet_Atkins.jpg\" rel=\"lightbox[gallery-1114]\">\r\n<img src=\"https:\/\/andre-tolba.de\/wp-content\/uploads\/2018\/12\/Gretsch_6120_Chet_Atkins-150x150.jpg\" alt=\"Gretsch_6120_Chet_Atkins\"><\/a><\/li><li><a class=\"lightbox\" title=\"Gretsch 6120 Green Flame\" href=\"https:\/\/andre-tolba.de\/wp-content\/uploads\/2018\/12\/Gretsch_6120_Green_Flame_Tiger_Maple.jpg\" rel=\"lightbox[gallery-1114]\">\r\n<img src=\"https:\/\/andre-tolba.de\/wp-content\/uploads\/2018\/12\/Gretsch_6120_Green_Flame_Tiger_Maple-150x150.jpg\" alt=\"Gretsch_6120_Green_Flame_Tiger_Maple\"><\/a><\/li><li><a class=\"lightbox\" title=\"Gretsch Rancher\" href=\"https:\/\/andre-tolba.de\/wp-content\/uploads\/2018\/12\/Gretsch_Rancher.jpg\" rel=\"lightbox[gallery-1114]\">\r\n<img src=\"https:\/\/andre-tolba.de\/wp-content\/uploads\/2018\/12\/Gretsch_Rancher-150x150.jpg\" alt=\"Gretsch_Rancher\"><\/a><\/li><li><a class=\"lightbox\" title=\"Gretsch Silver Jet\" href=\"https:\/\/andre-tolba.de\/wp-content\/uploads\/2018\/12\/Gretsch_Silver_Jet.jpg\" rel=\"lightbox[gallery-1114]\">\r\n<img src=\"https:\/\/andre-tolba.de\/wp-content\/uploads\/2018\/12\/Gretsch_Silver_Jet-150x150.jpg\" alt=\"Gretsch_Silver_Jet\"><\/a><\/li><li><a class=\"lightbox\" title=\"Gretsch White Falcon\" href=\"https:\/\/andre-tolba.de\/wp-content\/uploads\/2018\/12\/Gretsch_White_Falcon.jpg\" rel=\"lightbox[gallery-1114]\">\r\n<img src=\"https:\/\/andre-tolba.de\/wp-content\/uploads\/2018\/12\/Gretsch_White_Falcon-150x150.jpg\" alt=\"Gretsch_White_Falcon\"><\/a><\/li><li><a class=\"lightbox\" title=\"Fender Telecaster, Baujahr 1966\" href=\"https:\/\/andre-tolba.de\/wp-content\/uploads\/2018\/12\/Fender_Telecaster_Bj_1966.jpg\" rel=\"lightbox[gallery-1114]\">\r\n<img src=\"https:\/\/andre-tolba.de\/wp-content\/uploads\/2018\/12\/Fender_Telecaster_Bj_1966-150x150.jpg\" alt=\"Fender_Telecaster_Bj_1966\"><\/a><\/li><li><a class=\"lightbox\" title=\"Fender Stratocaster\" href=\"https:\/\/andre-tolba.de\/wp-content\/uploads\/2018\/12\/Fender_Stratocaster.jpg\" rel=\"lightbox[gallery-1114]\">\r\n<img src=\"https:\/\/andre-tolba.de\/wp-content\/uploads\/2018\/12\/Fender_Stratocaster-150x150.jpg\" alt=\"Fender_Stratocaster\"><\/a><\/li><li><a class=\"lightbox\" title=\"Lowden O10\" href=\"https:\/\/andre-tolba.de\/wp-content\/uploads\/2018\/12\/Lowden_O10.jpg\" rel=\"lightbox[gallery-1114]\">\r\n<img src=\"https:\/\/andre-tolba.de\/wp-content\/uploads\/2018\/12\/Lowden_O10-150x150.jpg\" alt=\"Lowden_O10\"><\/a><\/li><li><a class=\"lightbox\" title=\"Martin OOO\" href=\"https:\/\/andre-tolba.de\/wp-content\/uploads\/2018\/12\/Martin_OOO.jpg\" rel=\"lightbox[gallery-1114]\">\r\n<img src=\"https:\/\/andre-tolba.de\/wp-content\/uploads\/2018\/12\/Martin_OOO-150x150.jpg\" alt=\"Martin_OOO\"><\/a><\/li><li><a class=\"lightbox\" title=\"Verst\u00e4rker\" href=\"https:\/\/andre-tolba.de\/wp-content\/uploads\/2019\/02\/Verstaerker.jpg\" rel=\"lightbox[gallery-1114]\">\r\n<img src=\"https:\/\/andre-tolba.de\/wp-content\/uploads\/2019\/02\/Verstaerker-150x150.jpg\" alt=\"Verstaerker\"><\/a><\/li><\/ul><\/div>\n\n","protected":false},"excerpt":{"rendered":"<p>Meine Hauptgitarre ist eine orange 1958\/1959er Gretsch 6120, die ich 1989 in London gekauft habe \u2013 das ist meine Wegbegleiterin seit dieser Zeit. Dazu sind dann noch ein paar andere 6120 gekommen und eine White Falcon. Im Studio spiele ich haupts\u00e4chlich die alte, dann eine gr\u00fcne 6120, die ein bisschen<\/p>\n<p><a rel=\"bookmark\" class=\"more-link\" href=\"https:\/\/andre-tolba.de\/?page_id=1114\">Read more &rarr;<\/a><\/p>\n","protected":false},"author":1,"featured_media":0,"parent":25,"menu_order":1,"comment_status":"closed","ping_status":"closed","template":"page-templates\/full-width.php","meta":[],"_links":{"self":[{"href":"https:\/\/andre-tolba.de\/index.php?rest_route=\/wp\/v2\/pages\/1114"}],"collection":[{"href":"https:\/\/andre-tolba.de\/index.php?rest_route=\/wp\/v2\/pages"}],"about":[{"href":"https:\/\/andre-tolba.de\/index.php?rest_route=\/wp\/v2\/types\/page"}],"author":[{"embeddable":true,"href":"https:\/\/andre-tolba.de\/index.php?rest_route=\/wp\/v2\/users\/1"}],"replies":[{"embeddable":true,"href":"https:\/\/andre-tolba.de\/index.php?rest_route=%2Fwp%2Fv2%2Fcomments&post=1114"}],"version-history":[{"count":7,"href":"https:\/\/andre-tolba.de\/index.php?rest_route=\/wp\/v2\/pages\/1114\/revisions"}],"predecessor-version":[{"id":1545,"href":"https:\/\/andre-tolba.de\/index.php?rest_route=\/wp\/v2\/pages\/1114\/revisions\/1545"}],"up":[{"embeddable":true,"href":"https:\/\/andre-tolba.de\/index.php?rest_route=\/wp\/v2\/pages\/25"}],"wp:attachment":[{"href":"https:\/\/andre-tolba.de\/index.php?rest_route=%2Fwp%2Fv2%2Fmedia&parent=1114"}],"curies":[{"name":"wp","href":"https:\/\/api.w.org\/{rel}","templated":true}]}}