{"id":105,"date":"2014-04-10T11:40:01","date_gmt":"2014-04-10T09:40:01","guid":{"rendered":"http:\/\/andre-tolba.de\/wordpress\/?page_id=105"},"modified":"2023-04-12T15:30:29","modified_gmt":"2023-04-12T13:30:29","slug":"alternative-home","status":"publish","type":"page","link":"https:\/\/andre-tolba.de\/?page_id=105","title":{"rendered":"Presse"},"content":{"rendered":"<h4>\u201eDie Erde muss brennen\u201c<\/h4>\n<p><strong>Jazzgitarrist Andr\u00e9 Tolba musizierte mit Sasha und Lena<\/strong><\/p>\n<p>Erw\u00e4hnt man irgendwo in der Republik M\u00fclheim an der Ruhr, bekommt man in der Regel zuerst \u201eKommt da nicht Helge Schneider her?!\u201c zu h\u00f6ren. Mit viel Gl\u00fcck hat, kennt der Eine oder Andere Karl Ziegler, den Chemie-Nobelpreistr\u00e4ger von 1963, in wenigen F\u00e4llen jedoch wird der Name Andr\u00e9 Tolba fallen. Dabei w\u00e4re das mehr als gerechtfertigt: Der Mann ist ein Star der deutschen Musikszene, war von 2000 bis 2005 Gitarrist in Sashas Band, gr\u00fcndete mit ihm Dick Brave &amp; The Backbeats, die gerade eine neue Platte aufnehmen, er schreibt Lieder, arrangiert, startet derzeit mit der Big-Band Adriano BaTolba Orchestra durch. <a href=\"http:\/\/andre-tolba.de\/wp-content\/uploads\/2019\/01\/NRZ14.09.2011.pdf\" target=\"_blank\" rel=\"noopener\">Mehr lesen &#8230;<\/a><\/p>\n<h4>Rock\u2019n\u2019Roll als Lebensmelodie<\/h4>\n<p><strong>Andr\u00e9 Tolba und sein \u201eAdriano Batolba Orchestra\u201c ver\u00f6ffentlichen erstes Album. Spenden f\u00fcr WiM<\/strong><\/p>\n<p>Der M\u00fclheimer Musiker Andr\u00e9 Tolba tourt unter dem K\u00fcnstlernamen Adriano Batolba mit einer 13-k\u00f6pfigen Rock\u2019n\u2019Roll Big Band. Sein ehemaliger Gitarrenlehrer Stephan Baader hat Tolba immer wieder zu Studioproduktionen und in Kontakt mit Promis aus der Szene gebracht. Darunter Sasha, den der M\u00fclheimer als Sologitarrist begleitete wie auch Tourneen von Rock\u2019n\u2019Roll-Urgestein Peter Kraus. <a href=\"http:\/\/andre-tolba.de\/wp-content\/uploads\/2019\/01\/WAZ-17.2.2016.pdf\" target=\"_blank\" rel=\"noopener\">Mehr lesen &#8230;<\/a><\/p>\n<h4>Hei\u00dfer Big-Band-Abend im Hammer<\/h4>\n<p><strong>Christian-Rohlfs-Big-Band und Adriano Batolba Orchestra lassen es musikalisch krachen. Rockabilly-Star Andr\u00e9 Tolba mag Konzerte mit Nachwuchsmusikern<\/strong><\/p>\n<p><strong>Haspe.<\/strong> Nicht selten spielt er mit gro\u00dfen Musikern, mit Veteranen des Rock\u2019n\u2019Roll, mit Legenden des Rockabilly. Denn Andr\u00e9 Tolba (Adriano Batolba) z\u00e4hlt selbst zu den bekanntesten Musikern dieser Genres. Am Mittwoch stand der 39-J\u00e4hrige allerdings nicht mit Peter Kraus oder Sasha alias \u201eDick Brave\u201c auf der B\u00fchne, nein, er war mit seiner Combo im Hasper Hammer anger\u00fcckt. Zur \u201eBig Band Battle\u201c (Schlacht), die friedlich, fetzig und schwei\u00dftreibend verlief. <a href=\"http:\/\/andre-tolba.de\/wp-content\/uploads\/2019\/01\/Hasper-Hammer.pdf\" target=\"_blank\" rel=\"noopener\">Mehr lesen &#8230;<\/a><\/p>\n<h4>Adriano Batolba: The Mind Behind Rockabilly<\/h4>\n<p>Wann immer in den vergangenen Jahren eine deutsche Rock&#8217;n&#8217;Roll-Platte hierzulande in den Charts landete, hatte wahrscheinlich Adriano BaTolba seine Finger mit im Spiel: Ob als S\u00e4nger und Gitarrist, Komponist oder Produzent &#8211; er war dabei. Die Liste seiner Projekte ist lang: Bei Dick Brave &amp; the Backbeats spielte er Gitarre und war als Produzent t\u00e4tig. Die Boppin&#8217;B.-Alben \u201eBop Around The Pop&#8220; und \u201eRock&#8217;n&#8217;Roll Radio&#8220; produzierte er, den Baseballs stand er bei den Aufnahmen ihrer Single \u201eUmbrella&#8220; beratend zur Seite. Bei Peter Kraus und Peggy Sugarhill spielte er Gitarre und seit einiger Zeit hat er mit dem Adriano BaTolba Orchestra eine eigene Rockabilly Big Band am Start. <a href=\"http:\/\/andre-tolba.de\/wp-content\/uploads\/2019\/01\/Dynamite1.pdf\" target=\"_blank\" rel=\"noopener\">Mehr lesen &#8230;<\/a><\/p>\n<h4>Mehr als Jazz<\/h4>\n<p><strong>Festival der TU Dortmund bietet bunten Stil-Mix<\/strong><\/p>\n<p>Jazzfestival der TU Dortmund stand drauf, doch was die Besucher am Samstagabend im Fritz-Hen\u00dfler-Haus geboten bekamen, war viel mehr: Soul, Funk Fusion und Rockabilly \u2013 ja sogar Heavy Metal war zu h\u00f6ren. Zwischen drei B\u00fchnen konnten die Musikfans pendeln, von jeder der sieben Musik-Gruppen etwas mitnehmen oder bei ihrer liebsten Stilrichtung verbleiben. Etwa beim Adriano BaTolba Orchestra, dem wohl schwungvollsten Auftritt an diesem Abend. Im Unterhemd betrat die Big Band das Studio im Fritz-Hen\u00dfler-Haus und es wurde tats\u00e4chlich hei\u00df im bestuhlten Saal. <a href=\"http:\/\/andre-tolba.de\/wp-content\/uploads\/2019\/01\/Festival-TU-Dortmund.pdf\" target=\"_blank\" rel=\"noopener\">Mehr lesen &#8230;<\/a><\/p>\n<h4>Der Wucht standhalten<\/h4>\n<p><strong>Das Adriano BaTolba Orchestra spielt \u201evoll Power&#8220; beim Jazz-Festival im Hen\u00dfler-Haus<\/strong><\/p>\n<p>Er musizierte mit Peter Kraus und Lena, gr\u00fcndete mit Sasha \u201eDick Brave &amp; The Backbeats\u201c, produzierte Alben und stellte eine Rockabilly Big Band auf die Beine: Adriano Batolba. Der S\u00e4nger, Gitarrist, Komponist und Produzent spielt am Samstag beim 16. Jazzfestival der TU Dortmund im Fritz-Hen\u00dfler-Haus. Susanne Riese sprach vorab mit dem Rockabilly-Star.<\/p>\n<p><em>Du hast in Amsterdam an der Kunsthochschule Jazzgitarre studiert. Warum dann Rockabilly?<\/em><\/p>\n<p>Weil ich eine Leidenschaft habe f\u00fcr diese Musik, und die m\u00f6chte ich den Leuten nahebringen. Die Frage beinhaltete erwas von einer Bewertung, so funktioniert Musik nicht. F\u00fcr mich gibt es nur gute und schlechte Musik. <a href=\"http:\/\/andre-tolba.de\/wp-content\/uploads\/2019\/01\/Dortmund-2012.pdf\" target=\"_blank\" rel=\"noopener\">Mehr lesen &#8230;<\/a><\/p>\n<h4>Fieber in der Kirche<\/h4>\n<p><strong>KONZERT<\/strong> Wie eine L\u00e4rmwand raste der Sound von Trompeten, Saxofonen und Gitarren auf die Zuschauer zu: Zum Gl\u00fcck handelte es sich dabei um die wohlklingenden Rockabilly-Rhythmen des Adriano Batolba Orchestra. Der Gitarrist mit 12 Musikern ist einer der Gr\u00f6\u00dfen in der Szene und hat bereits Sasha alias Dick Brave und Peter Kraus zu ihrem Sound verholfen. <a href=\"http:\/\/andre-tolba.de\/wp-content\/uploads\/2019\/01\/KStA-23.1.2012.pdf\" target=\"_blank\" rel=\"noopener\">Mehr lesen &#8230;<\/a><\/p>\n<h4>Erinnerungen an Elvis<\/h4>\n<p><strong>Rock&#8217;n&#8217;Roll: Adriano Batolba \u00fcberzeugt mit seinem Orchester in Aschaffenburg &#8211; Golo Sturm als \u00dcberraschungsgast<\/strong><\/p>\n<p>ASCHAFFENBURG. Viele wissen nicht mehr, wie es in den 50er-Rock&#8217;n&#8217;Roll-Jahren in einem Club (oder damals besser \u00bbTanzlokal\u00ab) ausgesehen hat. Am vergangenen Freitag lies es sich erahnen: M\u00e4dels im Pin-Up-Look, Jungs mit Gel-Locke, die Band im Feinrippunterhemd und ein Gitarrist in wei\u00dfem Anzug mit orangefarbener Gretsch-Gitarre. Das Adriano Batolba Orchestra war zu Gast im Aschaffenburger Colos-Saal. Eine 13 Marnn starke Truppe mit fettem Bigband-Sound, geh\u00f6rig Power und ganz viel Rock&#8217;n&#8217;Roll. <a href=\"http:\/\/andre-tolba.de\/wp-content\/uploads\/2019\/01\/Mainecho.pdf\" target=\"_blank\" rel=\"noopener\">Mehr lesen &#8230;<\/a><\/p>\n<h4>Rockabilly made in M\u00fclheim<\/h4>\n<p><strong>Das Adriano BaTolba Orchestra startet Konzertreihe &#8211; Tickets gibt es ab sofort zu gewinnen<\/strong><\/p>\n<p>Der M\u00fclheimer Andr\u00e9 Tolba wusste schon im Kindesalter: \u201eLife is Rock&#8217;n&#8217;Roll!\u201c Seither reist er mit seiner Gitarre durch die Welt, spielte auf unz\u00e4hligen Festivals und arbeitete mit renomierten Musikern wie beispielsweise Peter Kraus zusammen. Jetzt startet er mit dem Adriano BaTolba Orchestra eine Tour durch Deutschland und pr\u00e4sentiert das brandneue Album. <a href=\"http:\/\/andre-tolba.de\/wp-content\/uploads\/2019\/01\/MW-10.2017.pdf\" target=\"_blank\" rel=\"noopener\">Mehr lesen &#8230;<\/a><\/p>\n","protected":false},"excerpt":{"rendered":"<p>\u201eDie Erde muss brennen\u201c Jazzgitarrist Andr\u00e9 Tolba musizierte mit Sasha und Lena Erw\u00e4hnt man irgendwo in der Republik M\u00fclheim an der Ruhr, bekommt man in der Regel zuerst \u201eKommt da nicht Helge Schneider her?!\u201c zu h\u00f6ren. Mit viel Gl\u00fcck hat, kennt der Eine oder Andere Karl Ziegler, den Chemie-Nobelpreistr\u00e4ger von<\/p>\n<p><a rel=\"bookmark\" class=\"more-link\" href=\"https:\/\/andre-tolba.de\/?page_id=105\">Read more &rarr;<\/a><\/p>\n","protected":false},"author":1,"featured_media":0,"parent":25,"menu_order":3,"comment_status":"open","ping_status":"open","template":"page-templates\/full-width.php","meta":[],"_links":{"self":[{"href":"https:\/\/andre-tolba.de\/index.php?rest_route=\/wp\/v2\/pages\/105"}],"collection":[{"href":"https:\/\/andre-tolba.de\/index.php?rest_route=\/wp\/v2\/pages"}],"about":[{"href":"https:\/\/andre-tolba.de\/index.php?rest_route=\/wp\/v2\/types\/page"}],"author":[{"embeddable":true,"href":"https:\/\/andre-tolba.de\/index.php?rest_route=\/wp\/v2\/users\/1"}],"replies":[{"embeddable":true,"href":"https:\/\/andre-tolba.de\/index.php?rest_route=%2Fwp%2Fv2%2Fcomments&post=105"}],"version-history":[{"count":34,"href":"https:\/\/andre-tolba.de\/index.php?rest_route=\/wp\/v2\/pages\/105\/revisions"}],"predecessor-version":[{"id":1677,"href":"https:\/\/andre-tolba.de\/index.php?rest_route=\/wp\/v2\/pages\/105\/revisions\/1677"}],"up":[{"embeddable":true,"href":"https:\/\/andre-tolba.de\/index.php?rest_route=\/wp\/v2\/pages\/25"}],"wp:attachment":[{"href":"https:\/\/andre-tolba.de\/index.php?rest_route=%2Fwp%2Fv2%2Fmedia&parent=105"}],"curies":[{"name":"wp","href":"https:\/\/api.w.org\/{rel}","templated":true}]}}